{"id":2,"date":"2020-06-24T10:08:17","date_gmt":"2020-06-24T08:08:17","guid":{"rendered":"http:\/\/adxl.fr\/?page_id=2"},"modified":"2025-09-20T10:14:42","modified_gmt":"2025-09-20T08:14:42","slug":"page-d-exemple","status":"publish","type":"page","link":"https:\/\/adxl.fr\/","title":{"rendered":"L&rsquo;excellence aux achats, au coeur de votre r\u00e9ussite"},"content":{"rendered":"<div class=\"wp-block-image\">\n<figure class=\"alignleft size-large\"><img loading=\"lazy\" decoding=\"async\" width=\"150\" height=\"320\" src=\"https:\/\/adxl.fr\/wp-content\/uploads\/2021\/05\/Phare.png\" alt=\"\" class=\"wp-image-17\" srcset=\"https:\/\/adxl.fr\/wp-content\/uploads\/2021\/05\/Phare.png 150w, https:\/\/adxl.fr\/wp-content\/uploads\/2021\/05\/Phare-141x300.png 141w\" sizes=\"auto, (max-width: 150px) 100vw, 150px\" \/><\/figure>\n<\/div>\n\n\n<div class=\"wp-block-group\"><div class=\"wp-block-group__inner-container is-layout-flow wp-block-group-is-layout-flow\">\n<p>Avez-vous renonc\u00e9 \u00e0 \u00eatre les meilleurs dans votre domaine\u00a0? <\/p>\n\n\n\n<p>Dans cette qu\u00eate perp\u00e9tuelle de comp\u00e9titivit\u00e9, votre excellence est d\u00e9terminante. Mais le meilleur des savoir-faire n&rsquo;est rien sans fournisseurs et partenaires efficaces. Qualit\u00e9, innovation, RSE, fluidit\u00e9, r\u00e9silience, prix\u00a0: chaque d\u00e9fi de l&rsquo;entreprise se base sur des ressources externes. Ce sont les racines de votre performance\u00a0!<\/p>\n<\/div><\/div>\n\n\n\n<p class=\"has-text-align-center\"><strong>Vos fournisseurs sont votre meilleur atout<\/strong>, &#8230;<strong>ou peut-\u00eatre votre pire handicap\u00a0!<\/strong><\/p>\n\n\n\n<p>Investir sur la fonction achats est le plus puissant des leviers. Combien d&rsquo;entreprises sous-estiment l&rsquo;impact qu&rsquo;ont les acheteurs sur leur succ\u00e8s&#8230;<\/p>\n\n\n\n<p class=\"has-text-align-center\"><strong>ADXL, votre alli\u00e9 pour acheter mieux que vos concurrents<\/strong><\/p>\n\n\n\n<p>Il est temps de <a href=\"https:\/\/adxl.fr\/index.php\/montez-en-puissance-aux-achats\/\" data-type=\"URL\" data-id=\"https:\/\/adxl.fr\/index.php\/montez-en-puissance-aux-achats\/\">faire monter en puissance vos \u00e9quipes achats<\/a>. C&rsquo;est un moyen insoup\u00e7onnable de prendre l&rsquo;avantage durablement sur vos concurrents. Quand il l&rsquo;apprendront, ce sera trop tard&nbsp;!<\/p>\n\n\n\n<p><\/p>\n","protected":false},"excerpt":{"rendered":"<p>Avez-vous renonc\u00e9 \u00e0 \u00eatre les meilleurs dans votre domaine\u00a0? Dans cette qu\u00eate perp\u00e9tuelle de comp\u00e9titivit\u00e9, votre excellence est d\u00e9terminante. Mais le meilleur des savoir-faire n&rsquo;est rien sans fournisseurs et partenaires efficaces. Qualit\u00e9, innovation, RSE, fluidit\u00e9, r\u00e9silience, prix\u00a0: chaque d\u00e9fi de &hellip; <a href=\"https:\/\/adxl.fr\/\">Continuer la lecture <span class=\"meta-nav\">&rarr;<\/span><\/a><\/p>\n","protected":false},"author":1,"featured_media":0,"parent":0,"menu_order":0,"comment_status":"closed","ping_status":"open","template":"","meta":{"footnotes":""},"class_list":["post-2","page","type-page","status-publish","hentry"],"_links":{"self":[{"href":"https:\/\/adxl.fr\/index.php\/wp-json\/wp\/v2\/pages\/2","targetHints":{"allow":["GET"]}}],"collection":[{"href":"https:\/\/adxl.fr\/index.php\/wp-json\/wp\/v2\/pages"}],"about":[{"href":"https:\/\/adxl.fr\/index.php\/wp-json\/wp\/v2\/types\/page"}],"author":[{"embeddable":true,"href":"https:\/\/adxl.fr\/index.php\/wp-json\/wp\/v2\/users\/1"}],"replies":[{"embeddable":true,"href":"https:\/\/adxl.fr\/index.php\/wp-json\/wp\/v2\/comments?post=2"}],"version-history":[{"count":10,"href":"https:\/\/adxl.fr\/index.php\/wp-json\/wp\/v2\/pages\/2\/revisions"}],"predecessor-version":[{"id":88,"href":"https:\/\/adxl.fr\/index.php\/wp-json\/wp\/v2\/pages\/2\/revisions\/88"}],"wp:attachment":[{"href":"https:\/\/adxl.fr\/index.php\/wp-json\/wp\/v2\/media?parent=2"}],"curies":[{"name":"wp","href":"https:\/\/api.w.org\/{rel}","templated":true}]}}