{"id":22,"date":"2021-05-11T14:22:22","date_gmt":"2021-05-11T12:22:22","guid":{"rendered":"https:\/\/adxl.fr\/?page_id=22"},"modified":"2021-05-21T16:27:23","modified_gmt":"2021-05-21T14:27:23","slug":"montez-en-puissance-aux-achats","status":"publish","type":"page","link":"https:\/\/adxl.fr\/index.php\/montez-en-puissance-aux-achats\/","title":{"rendered":"Montez en puissance aux achats !"},"content":{"rendered":"\n<div class=\"wp-block-group\"><div class=\"wp-block-group__inner-container is-layout-flow wp-block-group-is-layout-flow\">\n<div class=\"wp-block-image\"><figure class=\"alignleft\"><img loading=\"lazy\" decoding=\"async\" width=\"300\" height=\"225\" src=\"https:\/\/adxl.fr\/wp-content\/uploads\/2021\/05\/image-14.png\" alt=\"Formation achats\" class=\"wp-image-67\"\/><\/figure><\/div>\n\n\n\n<p>Pour faire prendre conscience de l&rsquo;importance des enjeux \u00e0 l&rsquo;amont de votre activit\u00e9.<\/p>\n\n\n\n<p>Pour impliquer tous les acteurs de l&rsquo;entreprise pour obtenir le meilleur de vos ressources externes : managers, production, R&amp;D, qualit\u00e9, business development, direction.<\/p>\n<\/div><\/div>\n\n\n\n<p>La formation est une opportunit\u00e9 privil\u00e9gi\u00e9e pour construire une dynamique d&rsquo;\u00e9quipe efficace dans votre organisation achats.<\/p>\n\n\n\n<p>La performance achats consiste \u00e0 obtenir mieux* de vos fournisseurs. Vos r\u00e9sultats d\u00e9pendront de la qualit\u00e9 de vos ressources achats.<\/p>\n\n\n\n<ul class=\"wp-block-list\"><li>Un acheteur d\u00e9bord\u00e9 peut-il tirer tout le potentiel du march\u00e9 fournisseur ?<\/li><li>Vos acheteurs font face \u00e0 des vendeurs extr\u00eamement bien form\u00e9s. Ne doivent-ils pas ma\u00eetriser \u00e9galement les outils, m\u00e9thodes et pratiques les plus pointus ?<\/li><li>Les responsabilit\u00e9s prises par vos acheteurs s&rsquo;intensifient, dans un environnement international complexe. Ils ont besoin de r\u00e9flexes commerciaux robustes, et de solides comp\u00e9tences logistiques, contractuelles, juridiques, financi\u00e8res.<\/li><li>Vos acheteurs font le lien entre de nombreux acteurs (internes et externes). L&rsquo;humain est fondamental : communication, n\u00e9gociation, motivation, management.<\/li><\/ul>\n\n\n\n<p>Pour vous aider \u00e0 monter en comp\u00e9tence, ADXL a d\u00e9velop\u00e9 les formations suivantes :<\/p>\n\n\n\n<ul class=\"wp-block-list\"><li>Fondamentaux du m\u00e9tier achats<\/li><li>N\u00e9gociation achats<\/li><li>Contractualiser efficacement<\/li><li>Manager un service achats<\/li><li>L&rsquo;acheteur et ses interlocuteurs internes : production, R&amp;D, qualiticiens, logisticiens, etc.<\/li><\/ul>\n\n\n\n<p>Ces sessions de formations alternent pr\u00e9sentations formelles et ateliers pratiques bas\u00e9s sur votre propre activit\u00e9 : une prise en main sur mesure. Un s\u00e9minaire type r\u00e9unit 10 \u00e0 12 participants pendant trois journ\u00e9es.<\/p>\n\n\n\n<p>Pour les managers et haut potentiels, ADXL proposera un programme personnalis\u00e9. Pour des besoins plus sp\u00e9cifiques n\u00e9cessitant un service sur mesure, nous vous accompagnons sous forme de coaching.<\/p>\n\n\n\n<p>Langues de travail : Fran\u00e7ais, anglais, allemand.<\/p>\n\n\n\n<p class=\"has-text-align-right\">* <a href=\"https:\/\/adxl.fr\/\" data-type=\"page\">mieux que qui<\/a> ?<\/p>\n","protected":false},"excerpt":{"rendered":"<p>Pour faire prendre conscience de l&rsquo;importance des enjeux \u00e0 l&rsquo;amont de votre activit\u00e9. Pour impliquer tous les acteurs de l&rsquo;entreprise pour obtenir le meilleur de vos ressources externes : managers, production, R&amp;D, qualit\u00e9, business development, direction. La formation est une &hellip; <a href=\"https:\/\/adxl.fr\/index.php\/montez-en-puissance-aux-achats\/\">Continuer la lecture <span class=\"meta-nav\">&rarr;<\/span><\/a><\/p>\n","protected":false},"author":1,"featured_media":0,"parent":0,"menu_order":0,"comment_status":"closed","ping_status":"closed","template":"","meta":{"footnotes":""},"class_list":["post-22","page","type-page","status-publish","hentry"],"_links":{"self":[{"href":"https:\/\/adxl.fr\/index.php\/wp-json\/wp\/v2\/pages\/22","targetHints":{"allow":["GET"]}}],"collection":[{"href":"https:\/\/adxl.fr\/index.php\/wp-json\/wp\/v2\/pages"}],"about":[{"href":"https:\/\/adxl.fr\/index.php\/wp-json\/wp\/v2\/types\/page"}],"author":[{"embeddable":true,"href":"https:\/\/adxl.fr\/index.php\/wp-json\/wp\/v2\/users\/1"}],"replies":[{"embeddable":true,"href":"https:\/\/adxl.fr\/index.php\/wp-json\/wp\/v2\/comments?post=22"}],"version-history":[{"count":4,"href":"https:\/\/adxl.fr\/index.php\/wp-json\/wp\/v2\/pages\/22\/revisions"}],"predecessor-version":[{"id":69,"href":"https:\/\/adxl.fr\/index.php\/wp-json\/wp\/v2\/pages\/22\/revisions\/69"}],"wp:attachment":[{"href":"https:\/\/adxl.fr\/index.php\/wp-json\/wp\/v2\/media?parent=22"}],"curies":[{"name":"wp","href":"https:\/\/api.w.org\/{rel}","templated":true}]}}