{"id":40,"date":"2021-05-17T17:33:48","date_gmt":"2021-05-17T15:33:48","guid":{"rendered":"https:\/\/adxl.fr\/?page_id=40"},"modified":"2026-04-23T19:09:30","modified_gmt":"2026-04-23T17:09:30","slug":"les-fondateurs","status":"publish","type":"page","link":"https:\/\/adxl.fr\/index.php\/les-fondateurs\/","title":{"rendered":"Les fondateurs"},"content":{"rendered":"<div class=\"wp-block-image\">\n<figure class=\"alignleft\"><img loading=\"lazy\" decoding=\"async\" width=\"210\" height=\"300\" src=\"https:\/\/adxl.fr\/wp-content\/uploads\/2021\/05\/AD.png\" alt=\"Aymeric Duprez\" class=\"wp-image-41\"\/><\/figure>\n<\/div>\n\n\n<p><strong>AD &#8211; Aymeric Duprez<\/strong> combine une \u00e2me d&rsquo;ing\u00e9nieur avec une fibre entrepreneuriale. Dipl\u00f4m\u00e9 de l&rsquo;Ecole Centrale de Lyon, il a d\u00e9velopp\u00e9 ses comp\u00e9tences techniques et commerciales chez des acteurs de premier plan de la construction. Sa conviction que \u00ab\u00a0Tout se joue l&rsquo;achat\u00a0\u00bb l&rsquo;a amen\u00e9 \u00e0 proposer un <a href=\"https:\/\/adxl.fr\/index.php\/cost-killing\/\" data-type=\"page\" data-id=\"62\">service de cost killing<\/a> pour les PME, focalis\u00e9 sur leurs achats indirects.<\/p>\n\n\n\n<p>L&rsquo;objet n&rsquo;est pas de tuer les fournisseurs : l&rsquo;exp\u00e9rience montre que les meilleures performances s&rsquo;obtiennent avec les fournisseurs existants. L&rsquo;art de la r\u00e9duction des co\u00fbts est avant tout une d\u00e9marche de cr\u00e9ativit\u00e9 et de remise en question. Pay\u00e9 uniquement aux r\u00e9sultats !<\/p>\n\n\n<div class=\"wp-block-image\">\n<figure class=\"alignright size-large\"><img loading=\"lazy\" decoding=\"async\" width=\"253\" height=\"300\" src=\"https:\/\/adxl.fr\/wp-content\/uploads\/2021\/05\/XL.png\" alt=\"Xavier Leclercq\" class=\"wp-image-43\"\/><\/figure>\n<\/div>\n\n\n<p>L&rsquo;exp\u00e9rience tonique de sa pratique alimente et pimente nos <a href=\"https:\/\/adxl.fr\/index.php\/montez-en-puissance-aux-achats\/\" data-type=\"page\" data-id=\"22\">s\u00e9minaires de formation<\/a>.<\/p>\n\n\n\n<p><strong>XL &#8211; Xavier Leclercq<\/strong>, professionnel de la vente autant que de l&rsquo;achat industriel, conseille et accompagne depuis des ann\u00e9es de grands groupes connus pour leur niveau d&rsquo;exigence et d&rsquo;efficacit\u00e9. Il est garant de nos activit\u00e9s par son jugement et son expertise.<\/p>\n\n\n\n<p>Il est l&rsquo;<a href=\"https:\/\/adxl.fr\/index.php\/les-livres-de-xavier-leclercq\/\" data-type=\"page\" data-id=\"50\">auteur de nombreux livres de r\u00e9f\u00e9rence<\/a> en la mati\u00e8re.<\/p>\n\n\n\n<p><a href=\"https:\/\/achats-pro.eu\/xavier-leclercq\/\" target=\"_blank\" rel=\"noreferrer noopener\">Merci Xavier d&rsquo;avoir rendu la vie un peu plus XL<\/a> !<\/p>\n","protected":false},"excerpt":{"rendered":"<p>AD &#8211; Aymeric Duprez combine une \u00e2me d&rsquo;ing\u00e9nieur avec une fibre entrepreneuriale. Dipl\u00f4m\u00e9 de l&rsquo;Ecole Centrale de Lyon, il a d\u00e9velopp\u00e9 ses comp\u00e9tences techniques et commerciales chez des acteurs de premier plan de la construction. Sa conviction que \u00ab\u00a0Tout se &hellip; <a href=\"https:\/\/adxl.fr\/index.php\/les-fondateurs\/\">Continuer la lecture <span class=\"meta-nav\">&rarr;<\/span><\/a><\/p>\n","protected":false},"author":1,"featured_media":0,"parent":0,"menu_order":0,"comment_status":"closed","ping_status":"closed","template":"","meta":{"footnotes":""},"class_list":["post-40","page","type-page","status-publish","hentry"],"_links":{"self":[{"href":"https:\/\/adxl.fr\/index.php\/wp-json\/wp\/v2\/pages\/40","targetHints":{"allow":["GET"]}}],"collection":[{"href":"https:\/\/adxl.fr\/index.php\/wp-json\/wp\/v2\/pages"}],"about":[{"href":"https:\/\/adxl.fr\/index.php\/wp-json\/wp\/v2\/types\/page"}],"author":[{"embeddable":true,"href":"https:\/\/adxl.fr\/index.php\/wp-json\/wp\/v2\/users\/1"}],"replies":[{"embeddable":true,"href":"https:\/\/adxl.fr\/index.php\/wp-json\/wp\/v2\/comments?post=40"}],"version-history":[{"count":5,"href":"https:\/\/adxl.fr\/index.php\/wp-json\/wp\/v2\/pages\/40\/revisions"}],"predecessor-version":[{"id":96,"href":"https:\/\/adxl.fr\/index.php\/wp-json\/wp\/v2\/pages\/40\/revisions\/96"}],"wp:attachment":[{"href":"https:\/\/adxl.fr\/index.php\/wp-json\/wp\/v2\/media?parent=40"}],"curies":[{"name":"wp","href":"https:\/\/api.w.org\/{rel}","templated":true}]}}